{"id":13,"date":"2021-04-07T15:38:37","date_gmt":"2021-04-07T18:38:37","guid":{"rendered":"http:\/\/192.168.64.2\/sss-store\/?post_type=product&#038;p=13"},"modified":"2021-05-19T15:16:38","modified_gmt":"2021-05-19T18:16:38","slug":"abridor-manual-com-ima","status":"publish","type":"product","link":"https:\/\/woodsign.com.br\/index.php\/product\/abridor-manual-com-ima\/","title":{"rendered":"ABRIDOR MANUAL &#8211; MINI COM IM\u00c3"},"content":{"rendered":"<p>Abridor de garrafas em madeira com im\u00e3 para a tampa e al\u00e7a em couro sint\u00e9tico, feito artesanalmente em madeira.<\/p>\n<p>Tamanho: 00 x 00 x 00 cm<\/p>\n<p>Material: Madeira, metal e couro sint\u00e9tico.<\/p>\n","protected":false},"excerpt":{"rendered":"<p class=\"p1\">Descri\u00e7\u00e3o:<\/p>\n<p class=\"p1\">O abridor de garrafas manual com im\u00e3 da WOODSIGN tem um estilo e robustez pr\u00f3prio, inclusive o abridor tamb\u00e9m pode servir como martelinho para comer carangueijo por exemplo.<\/p>\n<p class=\"p1\">Al\u00e9m disso ele \u00e9 feito artesanalmente com madeira nobre e \u00fanica, devido a textura pr\u00f3pria que dar charme todo especial, criando desenhos interessantes na madeira.<\/p>\n<p>&nbsp;<\/p>\n<p class=\"p1\">Dimens\u00f5es (aproximadas):<\/p>\n<p class=\"p1\">Altura: 100 mm<\/p>\n<p class=\"p1\">Comprimento: 30 mm<\/p>\n<p class=\"p1\">Largura: 50 mm<\/p>\n<p class=\"p1\">&#8211; Produto artesanal, medidas e tonalidades da madeira podem variar;<\/p>\n<p class=\"p1\">&#8211; An\u00fancio referente a uma unidade.<\/p>\n","protected":false},"featured_media":18,"comment_status":"open","ping_status":"closed","template":"","meta":{"_ti_tpc_template_sync":false,"_ti_tpc_template_id":""},"class_list":{"0":"post-13","1":"product","2":"type-product","3":"status-publish","4":"has-post-thumbnail","5":"hentry","6":"product_cat-abridores","7":"product_cat-abridores-manuais","8":"product_tag-abridor","9":"product_tag-abridor-garrafa","10":"product_tag-cerveja","11":"product_tag-refrigerante","13":"entry","14":"has-media","15":"owp-thumbs-layout-horizontal","16":"owp-btn-normal","17":"owp-tabs-layout-horizontal","18":"has-product-nav"},"_links":{"self":[{"href":"https:\/\/woodsign.com.br\/index.php\/wp-json\/wp\/v2\/product\/13","targetHints":{"allow":["GET"]}}],"collection":[{"href":"https:\/\/woodsign.com.br\/index.php\/wp-json\/wp\/v2\/product"}],"about":[{"href":"https:\/\/woodsign.com.br\/index.php\/wp-json\/wp\/v2\/types\/product"}],"replies":[{"embeddable":true,"href":"https:\/\/woodsign.com.br\/index.php\/wp-json\/wp\/v2\/comments?post=13"}],"version-history":[{"count":7,"href":"https:\/\/woodsign.com.br\/index.php\/wp-json\/wp\/v2\/product\/13\/revisions"}],"predecessor-version":[{"id":480,"href":"https:\/\/woodsign.com.br\/index.php\/wp-json\/wp\/v2\/product\/13\/revisions\/480"}],"wp:featuredmedia":[{"embeddable":true,"href":"https:\/\/woodsign.com.br\/index.php\/wp-json\/wp\/v2\/media\/18"}],"wp:attachment":[{"href":"https:\/\/woodsign.com.br\/index.php\/wp-json\/wp\/v2\/media?parent=13"}],"curies":[{"name":"wp","href":"https:\/\/api.w.org\/{rel}","templated":true}]}}