{"id":310,"date":"2021-05-10T16:00:26","date_gmt":"2021-05-10T19:00:26","guid":{"rendered":"http:\/\/192.168.64.2\/sss-store\/?post_type=product&#038;p=310"},"modified":"2021-05-19T15:14:05","modified_gmt":"2021-05-19T18:14:05","slug":"abridor-de-parede","status":"publish","type":"product","link":"https:\/\/woodsign.com.br\/index.php\/product\/abridor-de-parede\/","title":{"rendered":"ABRIDOR DE PAREDE"},"content":{"rendered":"","protected":false},"excerpt":{"rendered":"<p class=\"p1\"><strong>Descri\u00e7\u00e3o:<\/strong><\/p>\n<p class=\"p1\">O abridor de garrafas de parede da WOODSIGN possui um im\u00e3 de neod\u00edmio!<\/p>\n<p class=\"p1\">Dessa forma, quando voc\u00ea abre uma garrafa a tampinha fica grudada e n\u00e3o cai no ch\u00e3o.<\/p>\n<p class=\"p1\">Al\u00e9m disso ele \u00e9 feito artesanalmente com madeira nobre e \u00fanica, pois cada madeira tem sua textura pr\u00f3pria que dar charme todo especial, criando desenhos interessantes na madeira.<\/p>\n<p class=\"p1\">O abridor \u00e9 ideal para colecionadores de tampinhas, pois elas quase n\u00e3o amassam.<\/p>\n<p class=\"p1\"><strong>Dimens\u00f5es (aproximadas):<\/strong><\/p>\n<p class=\"p1\">Altura: 295 mm<\/p>\n<p class=\"p1\">Comprimento: 30 mm<\/p>\n<p class=\"p1\">Largura: 140 mm<\/p>\n<p>&nbsp;<\/p>\n<p class=\"p1\">&#8211; Produto artesanal, medidas podem variar;<\/p>\n<p class=\"p1\">&#8211; An\u00fancio referente a uma unidade.<\/p>\n","protected":false},"featured_media":306,"comment_status":"open","ping_status":"closed","template":"","meta":{"_ti_tpc_template_sync":false,"_ti_tpc_template_id":""},"class_list":{"0":"post-310","1":"product","2":"type-product","3":"status-publish","4":"has-post-thumbnail","5":"hentry","6":"product_cat-abridores","7":"product_cat-abridores-de-parede","8":"product_tag-abridor","9":"product_tag-abridor-parede","10":"product_tag-cerveja","11":"product_tag-refrigerante","13":"entry","14":"has-media","15":"owp-thumbs-layout-horizontal","16":"owp-btn-normal","17":"owp-tabs-layout-horizontal","18":"has-product-nav"},"_links":{"self":[{"href":"https:\/\/woodsign.com.br\/index.php\/wp-json\/wp\/v2\/product\/310","targetHints":{"allow":["GET"]}}],"collection":[{"href":"https:\/\/woodsign.com.br\/index.php\/wp-json\/wp\/v2\/product"}],"about":[{"href":"https:\/\/woodsign.com.br\/index.php\/wp-json\/wp\/v2\/types\/product"}],"replies":[{"embeddable":true,"href":"https:\/\/woodsign.com.br\/index.php\/wp-json\/wp\/v2\/comments?post=310"}],"version-history":[{"count":3,"href":"https:\/\/woodsign.com.br\/index.php\/wp-json\/wp\/v2\/product\/310\/revisions"}],"predecessor-version":[{"id":479,"href":"https:\/\/woodsign.com.br\/index.php\/wp-json\/wp\/v2\/product\/310\/revisions\/479"}],"wp:featuredmedia":[{"embeddable":true,"href":"https:\/\/woodsign.com.br\/index.php\/wp-json\/wp\/v2\/media\/306"}],"wp:attachment":[{"href":"https:\/\/woodsign.com.br\/index.php\/wp-json\/wp\/v2\/media?parent=310"}],"curies":[{"name":"wp","href":"https:\/\/api.w.org\/{rel}","templated":true}]}}