{"id":312,"date":"2021-05-10T16:42:02","date_gmt":"2021-05-10T19:42:02","guid":{"rendered":"http:\/\/192.168.64.2\/sss-store\/?post_type=product&#038;p=312"},"modified":"2021-05-19T15:13:51","modified_gmt":"2021-05-19T18:13:51","slug":"porta-chaves","status":"publish","type":"product","link":"https:\/\/woodsign.com.br\/index.php\/product\/porta-chaves\/","title":{"rendered":"PORTA-CHAVES"},"content":{"rendered":"","protected":false},"excerpt":{"rendered":"<p class=\"p1\">Descri\u00e7\u00e3o:<\/p>\n<p class=\"p1\">O porta-chaves de parede da WOODSIGN tem um estilo pr\u00f3prio criado com placas vintage (diversas), inclusive o espa\u00e7o para dos ganchos tem um tamanho adequado para pendurar outros utens\u00edlios como bon\u00e9s, chap\u00e9us e at\u00e9 roupas, se transformando em um produto com diversas utilidades.<\/p>\n<p class=\"p1\">Al\u00e9m disso ele \u00e9 feito artesanalmente com madeira nobre e \u00fanica, devido a textura pr\u00f3pria que dar charme todo especial, criando desenhos interessantes na madeira.<\/p>\n<p class=\"p1\">O porta-chaves \u00e9 bastante \u00fatil, al\u00e9m de ser decorativo!<\/p>\n<p class=\"p1\">Dimens\u00f5es (aproximadas):<\/p>\n<p class=\"p1\">Altura: 220 mm<\/p>\n<p class=\"p1\">Comprimento: 50 mm<\/p>\n<p class=\"p1\">Largura: 320 mm<\/p>\n<p>&nbsp;<\/p>\n<p class=\"p1\">&#8211; Produto artesanal, medidas podem variar;<\/p>\n<p class=\"p1\">&#8211; A placa usada no produto pode variar devido a disponibilidade de estoque, caso tenha prefer\u00eancia entrar em contato pelo nosso WhatsApp.<\/p>\n<p class=\"p1\">&#8211; An\u00fancio referente a uma unidade.<\/p>\n","protected":false},"featured_media":303,"comment_status":"open","ping_status":"closed","template":"","meta":{"_ti_tpc_template_sync":false,"_ti_tpc_template_id":""},"class_list":{"0":"post-312","1":"product","2":"type-product","3":"status-publish","4":"has-post-thumbnail","5":"hentry","6":"product_cat-porta-chaves","7":"product_tag-chaves","8":"product_tag-porta-chaves","9":"product_tag-utensilio","10":"product_tag-vintage","12":"entry","13":"has-media","14":"owp-thumbs-layout-horizontal","15":"owp-btn-normal","16":"owp-tabs-layout-horizontal","17":"has-product-nav"},"_links":{"self":[{"href":"https:\/\/woodsign.com.br\/index.php\/wp-json\/wp\/v2\/product\/312","targetHints":{"allow":["GET"]}}],"collection":[{"href":"https:\/\/woodsign.com.br\/index.php\/wp-json\/wp\/v2\/product"}],"about":[{"href":"https:\/\/woodsign.com.br\/index.php\/wp-json\/wp\/v2\/types\/product"}],"replies":[{"embeddable":true,"href":"https:\/\/woodsign.com.br\/index.php\/wp-json\/wp\/v2\/comments?post=312"}],"version-history":[{"count":4,"href":"https:\/\/woodsign.com.br\/index.php\/wp-json\/wp\/v2\/product\/312\/revisions"}],"predecessor-version":[{"id":478,"href":"https:\/\/woodsign.com.br\/index.php\/wp-json\/wp\/v2\/product\/312\/revisions\/478"}],"wp:featuredmedia":[{"embeddable":true,"href":"https:\/\/woodsign.com.br\/index.php\/wp-json\/wp\/v2\/media\/303"}],"wp:attachment":[{"href":"https:\/\/woodsign.com.br\/index.php\/wp-json\/wp\/v2\/media?parent=312"}],"curies":[{"name":"wp","href":"https:\/\/api.w.org\/{rel}","templated":true}]}}