{"id":314,"date":"2021-05-10T16:50:22","date_gmt":"2021-05-10T19:50:22","guid":{"rendered":"http:\/\/192.168.64.2\/sss-store\/?post_type=product&#038;p=314"},"modified":"2021-05-19T15:13:38","modified_gmt":"2021-05-19T18:13:38","slug":"relogios-de-parede-stripes","status":"publish","type":"product","link":"https:\/\/woodsign.com.br\/index.php\/product\/relogios-de-parede-stripes\/","title":{"rendered":"REL\u00d3GIO DE PAREDE &#8211; STRIPES"},"content":{"rendered":"","protected":false},"excerpt":{"rendered":"<p>Descri\u00e7\u00e3o:<\/p>\n<p>Os rel\u00f3gios da Woodsign s\u00e3o feitos com muita personalidade e exclusividade, pois todos os rel\u00f3gios s\u00e3o feitos para valorizar a beleza natural de cada madeira, tornando a pe\u00e7a \u00fanica.<\/p>\n<p>Esse modelo \u00e9 o rel\u00f3gio Stripes, ele foi desenvolvido com estrutura em a\u00e7o carbono, dois tipos de madeira de demoli\u00e7\u00e3o que depois dos devidos cuidados mostraram toda sua hist\u00f3ria e eleg\u00e2ncia, a finaliza\u00e7\u00e3o \u00e9 feita com verniz automotivo que traz muita resist\u00eancia \u00e0 pe\u00e7a.<\/p>\n<p class=\"p1\">Dimens\u00f5es (aproximadas):<\/p>\n<p class=\"p1\">Diametro: 450 mm<\/p>\n<p class=\"p1\">Comprimento: 50 mm<\/p>\n<p>&nbsp;<\/p>\n<ul>\n<li>Apenas uma pe\u00e7a no estoque;<\/li>\n<li>Produto artesanal, medidas e tonalidades da madeira podem variar;<\/li>\n<li>An\u00fancio referente a uma unidade.<\/li>\n<\/ul>\n","protected":false},"featured_media":286,"comment_status":"open","ping_status":"closed","template":"","meta":{"_ti_tpc_template_sync":false,"_ti_tpc_template_id":""},"class_list":{"0":"post-314","1":"product","2":"type-product","3":"status-publish","4":"has-post-thumbnail","5":"hentry","6":"product_cat-relogios","7":"product_cat-relogios-de-parede","8":"product_tag-artesanal","9":"product_tag-madeira","10":"product_tag-relogio","11":"product_tag-relogio-de-parede","13":"entry","14":"has-media","15":"owp-thumbs-layout-horizontal","16":"owp-btn-normal","17":"owp-tabs-layout-horizontal","18":"has-product-nav"},"_links":{"self":[{"href":"https:\/\/woodsign.com.br\/index.php\/wp-json\/wp\/v2\/product\/314","targetHints":{"allow":["GET"]}}],"collection":[{"href":"https:\/\/woodsign.com.br\/index.php\/wp-json\/wp\/v2\/product"}],"about":[{"href":"https:\/\/woodsign.com.br\/index.php\/wp-json\/wp\/v2\/types\/product"}],"replies":[{"embeddable":true,"href":"https:\/\/woodsign.com.br\/index.php\/wp-json\/wp\/v2\/comments?post=314"}],"version-history":[{"count":4,"href":"https:\/\/woodsign.com.br\/index.php\/wp-json\/wp\/v2\/product\/314\/revisions"}],"predecessor-version":[{"id":477,"href":"https:\/\/woodsign.com.br\/index.php\/wp-json\/wp\/v2\/product\/314\/revisions\/477"}],"wp:featuredmedia":[{"embeddable":true,"href":"https:\/\/woodsign.com.br\/index.php\/wp-json\/wp\/v2\/media\/286"}],"wp:attachment":[{"href":"https:\/\/woodsign.com.br\/index.php\/wp-json\/wp\/v2\/media?parent=314"}],"curies":[{"name":"wp","href":"https:\/\/api.w.org\/{rel}","templated":true}]}}