{"id":370,"date":"2021-05-14T10:06:21","date_gmt":"2021-05-14T13:06:21","guid":{"rendered":"https:\/\/woodsign.com.br\/?post_type=product&#038;p=370"},"modified":"2021-05-19T15:12:13","modified_gmt":"2021-05-19T18:12:13","slug":"abridor-manual","status":"publish","type":"product","link":"https:\/\/woodsign.com.br\/index.php\/product\/abridor-manual\/","title":{"rendered":"ABRIDOR MANUAL"},"content":{"rendered":"","protected":false},"excerpt":{"rendered":"<p class=\"p1\">Descri\u00e7\u00e3o:<\/p>\n<p class=\"p1\">O abridor de garrafas manual da WOODSIGN tem um estilo e robustez pr\u00f3prio, inclusive o abridor tamb\u00e9m pode servir como martelinho para comer carangueijo por exemplo.<\/p>\n<p class=\"p1\">Al\u00e9m disso ele \u00e9 feito artesanalmente com madeira nobre e \u00fanica, devido a textura pr\u00f3pria que dar charme todo especial, criando desenhos interessantes na madeira.<\/p>\n<p>&nbsp;<\/p>\n<p class=\"p1\">Dimens\u00f5es (aproximadas):<\/p>\n<p class=\"p1\">Altura: 35 mm<\/p>\n<p class=\"p1\">Comprimento: 220 mm<\/p>\n<p class=\"p1\">Largura: 45 mm<\/p>\n<p>&nbsp;<\/p>\n<ul>\n<li class=\"p1\">Produto artesanal, medidas e tonalidades da madeira podem variar;<\/li>\n<li class=\"p1\">An\u00fancio referente a uma unidade.<\/li>\n<\/ul>\n","protected":false},"featured_media":473,"comment_status":"open","ping_status":"closed","template":"","meta":{"_ti_tpc_template_sync":false,"_ti_tpc_template_id":""},"class_list":{"0":"post-370","1":"product","2":"type-product","3":"status-publish","4":"has-post-thumbnail","5":"hentry","6":"product_cat-abridores","7":"product_cat-abridores-manuais","8":"product_tag-abridor","9":"product_tag-abridor-de-cerveja","10":"product_tag-abridor-de-garrafas","11":"product_tag-abridor-de-refrigerante","13":"entry","14":"has-media","15":"owp-thumbs-layout-horizontal","16":"owp-btn-normal","17":"owp-tabs-layout-horizontal","18":"has-product-nav"},"_links":{"self":[{"href":"https:\/\/woodsign.com.br\/index.php\/wp-json\/wp\/v2\/product\/370","targetHints":{"allow":["GET"]}}],"collection":[{"href":"https:\/\/woodsign.com.br\/index.php\/wp-json\/wp\/v2\/product"}],"about":[{"href":"https:\/\/woodsign.com.br\/index.php\/wp-json\/wp\/v2\/types\/product"}],"replies":[{"embeddable":true,"href":"https:\/\/woodsign.com.br\/index.php\/wp-json\/wp\/v2\/comments?post=370"}],"version-history":[{"count":4,"href":"https:\/\/woodsign.com.br\/index.php\/wp-json\/wp\/v2\/product\/370\/revisions"}],"predecessor-version":[{"id":474,"href":"https:\/\/woodsign.com.br\/index.php\/wp-json\/wp\/v2\/product\/370\/revisions\/474"}],"wp:featuredmedia":[{"embeddable":true,"href":"https:\/\/woodsign.com.br\/index.php\/wp-json\/wp\/v2\/media\/473"}],"wp:attachment":[{"href":"https:\/\/woodsign.com.br\/index.php\/wp-json\/wp\/v2\/media?parent=370"}],"curies":[{"name":"wp","href":"https:\/\/api.w.org\/{rel}","templated":true}]}}